{"id":6142,"date":"2024-05-16T08:21:31","date_gmt":"2024-05-16T13:21:31","guid":{"rendered":"https:\/\/ambientes.movichhotels.com\/?page_id=6142"},"modified":"2026-01-29T12:55:51","modified_gmt":"2026-01-29T17:55:51","slug":"intercontinental-medellin","status":"publish","type":"page","link":"https:\/\/ambientes.movichhotels.com\/en\/intercontinental-medellin\/","title":{"rendered":"Intercontinental Movich Medell\u00edn"},"content":{"rendered":"<div data-elementor-type=\"wp-page\" data-elementor-id=\"6142\" class=\"elementor elementor-6142\" data-elementor-post-type=\"page\">\n\t\t\t\t<div class=\"elementor-element elementor-element-720c2ac e-flex e-con-boxed e-con e-parent\" data-id=\"720c2ac\" data-element_type=\"container\" data-e-type=\"container\">\n\t\t\t\t\t<div class=\"e-con-inner\">\n\t\t<div class=\"elementor-element elementor-element-bcb25b3 e-flex e-con-boxed e-con e-child\" data-id=\"bcb25b3\" data-element_type=\"container\" data-e-type=\"container\">\n\t\t\t\t\t<div class=\"e-con-inner\">\n\t\t\t\t<div class=\"elementor-element elementor-element-d0ea492 elementor-widget elementor-widget-ova_logo\" data-id=\"d0ea492\" data-element_type=\"widget\" data-e-type=\"widget\" data-widget_type=\"ova_logo.default\">\n\t\t\t\t<div class=\"elementor-widget-container\">\n\t\t\t\t\t\n\t\t<div class=\"brand_el\">\n\n\t\t\t\t\t\t\t\t\t\t\t<a href=\"https:\/\/ambientes.movichhotels.com\/en\/ \"   >\n\t\t\t\n\t\t\t\t<img decoding=\"async\" src=\"https:\/\/ambientes.movichhotels.com\/wp-content\/uploads\/2025\/03\/logo-internuevo-black.webp\" alt=\"Ambientes\" class=\"logo_desktop\" style=\"width:190px ; height:97px\" title=\"\">\n\n\t\t\t\t<img decoding=\"async\" src=\"https:\/\/ambientes.movichhotels.com\/wp-content\/uploads\/2025\/03\/logo-internuevo-black.webp\" alt=\"Ambientes\" class=\"logo_mobile\" style=\"width:150px ;  height:76px\" title=\"\">\n\n\t\t\t\t<img decoding=\"async\" src=\"https:\/\/ambientes.movichhotels.com\/wp-content\/plugins\/elementor\/assets\/images\/placeholder.png\" alt=\"Ambientes\" class=\"logo_sticky\" style=\"width:132px ; height:36px\" title=\"\">\n\n\t\t\t\t\t\t\t<\/a>\n\t\t\t\n\t\t<\/div>\n\n\t\t\t\t\t\t<\/div>\n\t\t\t\t<\/div>\n\t\t\t\t\t<\/div>\n\t\t\t\t<\/div>\n\t\t\t\t\t<\/div>\n\t\t\t\t<\/div>\n\t\t<div class=\"elementor-element elementor-element-1538ab2 e-flex e-con-boxed e-con e-parent\" data-id=\"1538ab2\" data-element_type=\"container\" data-e-type=\"container\">\n\t\t\t\t\t<div class=\"e-con-inner\">\n\t\t\t\t<div class=\"elementor-element elementor-element-93b55ad elementor-widget elementor-widget-heading\" data-id=\"93b55ad\" data-element_type=\"widget\" data-e-type=\"widget\" data-widget_type=\"heading.default\">\n\t\t\t\t\t<h2 class=\"elementor-heading-title elementor-size-default\">Dear Guest:<\/h2>\t\t\t\t<\/div>\n\t\t\t\t<div class=\"elementor-element elementor-element-f666e3c elementor-widget elementor-widget-heading\" data-id=\"f666e3c\" data-element_type=\"widget\" data-e-type=\"widget\" data-widget_type=\"heading.default\">\n\t\t\t\t\t<p class=\"elementor-heading-title elementor-size-default\">Discover a unique experience at Intercontinental Movich Medellin. We reinvent ourselves to offer you a safer, warmer and higher quality service. At Movich Hotels, we create tailor-made experiences, exceeding expectations with every visit.<\/p>\t\t\t\t<\/div>\n\t\t\t\t<div class=\"elementor-element elementor-element-e18206c elementor-widget elementor-widget-heading\" data-id=\"e18206c\" data-element_type=\"widget\" data-e-type=\"widget\" data-widget_type=\"heading.default\">\n\t\t\t\t\t<h2 class=\"elementor-heading-title elementor-size-default\">A warm welcome,<br>\n\nDelfim Pinheiro |  General Manager<\/h2>\t\t\t\t<\/div>\n\t\t\t\t<div class=\"elementor-element elementor-element-9202d59 elementor-widget elementor-widget-image\" data-id=\"9202d59\" data-element_type=\"widget\" data-e-type=\"widget\" data-widget_type=\"image.default\">\n\t\t\t\t\t\t\t\t\t\t\t\t\t\t\t\t<a href=\"\/intercontinental-medellin\/info\">\n\t\t\t\t\t\t\t<img fetchpriority=\"high\" decoding=\"async\" width=\"768\" height=\"269\" src=\"https:\/\/ambientes.movichhotels.com\/wp-content\/uploads\/2025\/06\/HotelInfo-Inter-768x269.png\" class=\"attachment-medium_large size-medium_large wp-image-9060\" alt=\"\" srcset=\"https:\/\/ambientes.movichhotels.com\/wp-content\/uploads\/2025\/06\/HotelInfo-Inter-768x269.png 768w, https:\/\/ambientes.movichhotels.com\/wp-content\/uploads\/2025\/06\/HotelInfo-Inter-300x105.png 300w, https:\/\/ambientes.movichhotels.com\/wp-content\/uploads\/2025\/06\/HotelInfo-Inter-18x6.png 18w, https:\/\/ambientes.movichhotels.com\/wp-content\/uploads\/2025\/06\/HotelInfo-Inter-440x154.png 440w, https:\/\/ambientes.movichhotels.com\/wp-content\/uploads\/2025\/06\/HotelInfo-Inter.png 1000w\" sizes=\"(max-width: 768px) 100vw, 768px\" title=\"\">\t\t\t\t\t\t\t\t<\/a>\n\t\t\t\t\t\t\t\t\t\t\t\t\t\t\t<\/div>\n\t\t\t\t<div class=\"elementor-element elementor-element-7273e7c elementor-widget elementor-widget-image\" data-id=\"7273e7c\" data-element_type=\"widget\" data-e-type=\"widget\" data-widget_type=\"image.default\">\n\t\t\t\t\t\t\t\t\t\t\t\t\t\t\t\t<a href=\"https:\/\/drive.google.com\/file\/d\/1C7jx8YFRH4f90UO_RV_oDEEF3QUFrFTT\/view?usp=drive_link\" target=\"_blank\" rel=\"noopener\">\n\t\t\t\t\t\t\t<img decoding=\"async\" width=\"768\" height=\"269\" src=\"https:\/\/ambientes.movichhotels.com\/wp-content\/uploads\/2025\/03\/RoomService-Inter-768x269.webp\" class=\"attachment-medium_large size-medium_large wp-image-8309\" alt=\"roomservice-inter-movich\" srcset=\"https:\/\/ambientes.movichhotels.com\/wp-content\/uploads\/2025\/03\/RoomService-Inter-768x269.webp 768w, https:\/\/ambientes.movichhotels.com\/wp-content\/uploads\/2025\/03\/RoomService-Inter-300x105.webp 300w, https:\/\/ambientes.movichhotels.com\/wp-content\/uploads\/2025\/03\/RoomService-Inter-18x6.webp 18w, https:\/\/ambientes.movichhotels.com\/wp-content\/uploads\/2025\/03\/RoomService-Inter-440x154.webp 440w, https:\/\/ambientes.movichhotels.com\/wp-content\/uploads\/2025\/03\/RoomService-Inter.webp 1000w\" sizes=\"(max-width: 768px) 100vw, 768px\" title=\"\">\t\t\t\t\t\t\t\t<\/a>\n\t\t\t\t\t\t\t\t\t\t\t\t\t\t\t<\/div>\n\t\t\t\t<div class=\"elementor-element elementor-element-32ba7fe elementor-widget elementor-widget-image\" data-id=\"32ba7fe\" data-element_type=\"widget\" data-e-type=\"widget\" data-widget_type=\"image.default\">\n\t\t\t\t\t\t\t\t\t\t\t\t\t\t\t\t<a href=\"\/wp-content\/uploads\/2025\/01\/desayunos-ambientes-2025.jpg\" target=\"_blank\">\n\t\t\t\t\t\t\t<img decoding=\"async\" width=\"768\" height=\"269\" src=\"https:\/\/ambientes.movichhotels.com\/wp-content\/uploads\/2025\/03\/Desayuno-Inter-768x269.webp\" class=\"attachment-medium_large size-medium_large wp-image-8314\" alt=\"desayuno-inter-movich\" srcset=\"https:\/\/ambientes.movichhotels.com\/wp-content\/uploads\/2025\/03\/Desayuno-Inter-768x269.webp 768w, https:\/\/ambientes.movichhotels.com\/wp-content\/uploads\/2025\/03\/Desayuno-Inter-300x105.webp 300w, https:\/\/ambientes.movichhotels.com\/wp-content\/uploads\/2025\/03\/Desayuno-Inter-18x6.webp 18w, https:\/\/ambientes.movichhotels.com\/wp-content\/uploads\/2025\/03\/Desayuno-Inter-440x154.webp 440w, https:\/\/ambientes.movichhotels.com\/wp-content\/uploads\/2025\/03\/Desayuno-Inter.webp 1000w\" sizes=\"(max-width: 768px) 100vw, 768px\" title=\"\">\t\t\t\t\t\t\t\t<\/a>\n\t\t\t\t\t\t\t\t\t\t\t\t\t\t\t<\/div>\n\t\t\t\t<div class=\"elementor-element elementor-element-f1f334f elementor-widget elementor-widget-image\" data-id=\"f1f334f\" data-element_type=\"widget\" data-e-type=\"widget\" data-widget_type=\"image.default\">\n\t\t\t\t\t\t\t\t\t\t\t\t\t\t\t\t<a href=\"https:\/\/abarco.com.co\/menu\/\" target=\"_blank\" rel=\"noopener\">\n\t\t\t\t\t\t\t<img loading=\"lazy\" decoding=\"async\" width=\"768\" height=\"269\" src=\"https:\/\/ambientes.movichhotels.com\/wp-content\/uploads\/2026\/01\/Abarco-768x269.webp\" class=\"attachment-medium_large size-medium_large wp-image-9373\" alt=\"Abarco\" srcset=\"https:\/\/ambientes.movichhotels.com\/wp-content\/uploads\/2026\/01\/Abarco-768x269.webp 768w, https:\/\/ambientes.movichhotels.com\/wp-content\/uploads\/2026\/01\/Abarco-300x105.webp 300w, https:\/\/ambientes.movichhotels.com\/wp-content\/uploads\/2026\/01\/Abarco-18x6.webp 18w, https:\/\/ambientes.movichhotels.com\/wp-content\/uploads\/2026\/01\/Abarco-440x154.webp 440w, https:\/\/ambientes.movichhotels.com\/wp-content\/uploads\/2026\/01\/Abarco.webp 1000w\" sizes=\"(max-width: 768px) 100vw, 768px\" title=\"\">\t\t\t\t\t\t\t\t<\/a>\n\t\t\t\t\t\t\t\t\t\t\t\t\t\t\t<\/div>\n\t\t\t\t<div class=\"elementor-element elementor-element-62b8f1b elementor-widget elementor-widget-image\" data-id=\"62b8f1b\" data-element_type=\"widget\" data-e-type=\"widget\" data-widget_type=\"image.default\">\n\t\t\t\t\t\t\t\t\t\t\t\t\t\t\t\t<a href=\"https:\/\/fogondepiedrarestaurante.com\/es\/menu\/\" target=\"_blank\" rel=\"noopener\">\n\t\t\t\t\t\t\t<img loading=\"lazy\" decoding=\"async\" width=\"768\" height=\"269\" src=\"https:\/\/ambientes.movichhotels.com\/wp-content\/uploads\/2025\/03\/Fogon-Inter-768x269.webp\" class=\"attachment-medium_large size-medium_large wp-image-8315\" alt=\"fogon-de-piedra-inter-movich\" srcset=\"https:\/\/ambientes.movichhotels.com\/wp-content\/uploads\/2025\/03\/Fogon-Inter-768x269.webp 768w, https:\/\/ambientes.movichhotels.com\/wp-content\/uploads\/2025\/03\/Fogon-Inter-300x105.webp 300w, https:\/\/ambientes.movichhotels.com\/wp-content\/uploads\/2025\/03\/Fogon-Inter-18x6.webp 18w, https:\/\/ambientes.movichhotels.com\/wp-content\/uploads\/2025\/03\/Fogon-Inter-440x154.webp 440w, https:\/\/ambientes.movichhotels.com\/wp-content\/uploads\/2025\/03\/Fogon-Inter.webp 1000w\" sizes=\"(max-width: 768px) 100vw, 768px\" title=\"\">\t\t\t\t\t\t\t\t<\/a>\n\t\t\t\t\t\t\t\t\t\t\t\t\t\t\t<\/div>\n\t\t\t\t<div class=\"elementor-element elementor-element-4901483 elementor-widget elementor-widget-image\" data-id=\"4901483\" data-element_type=\"widget\" data-e-type=\"widget\" data-widget_type=\"image.default\">\n\t\t\t\t\t\t\t\t\t\t\t\t\t\t\t\t<a href=\"https:\/\/drive.google.com\/file\/d\/1LASnsIax3jScdBhdl_QCr1weqZZJ7Lon\/view?usp=sharing\" target=\"_blank\" rel=\"noopener\">\n\t\t\t\t\t\t\t<img loading=\"lazy\" decoding=\"async\" width=\"768\" height=\"269\" src=\"https:\/\/ambientes.movichhotels.com\/wp-content\/uploads\/2025\/03\/Pepe-Inter-768x269.webp\" class=\"attachment-medium_large size-medium_large wp-image-8307\" alt=\"pepe-inter-movich\" srcset=\"https:\/\/ambientes.movichhotels.com\/wp-content\/uploads\/2025\/03\/Pepe-Inter-768x269.webp 768w, https:\/\/ambientes.movichhotels.com\/wp-content\/uploads\/2025\/03\/Pepe-Inter-300x105.webp 300w, https:\/\/ambientes.movichhotels.com\/wp-content\/uploads\/2025\/03\/Pepe-Inter-18x6.webp 18w, https:\/\/ambientes.movichhotels.com\/wp-content\/uploads\/2025\/03\/Pepe-Inter-440x154.webp 440w, https:\/\/ambientes.movichhotels.com\/wp-content\/uploads\/2025\/03\/Pepe-Inter.webp 1000w\" sizes=\"(max-width: 768px) 100vw, 768px\" title=\"\">\t\t\t\t\t\t\t\t<\/a>\n\t\t\t\t\t\t\t\t\t\t\t\t\t\t\t<\/div>\n\t\t\t\t<div class=\"elementor-element elementor-element-08d3ae2 elementor-widget elementor-widget-image\" data-id=\"08d3ae2\" data-element_type=\"widget\" data-e-type=\"widget\" data-widget_type=\"image.default\">\n\t\t\t\t\t\t\t\t\t\t\t\t\t\t\t\t<a href=\"https:\/\/tipsybirdbar.co\/menu-medellin\/\" target=\"_blank\" rel=\"noopener\">\n\t\t\t\t\t\t\t<img loading=\"lazy\" decoding=\"async\" width=\"768\" height=\"269\" src=\"https:\/\/ambientes.movichhotels.com\/wp-content\/uploads\/2025\/03\/Tipsy-Inter-768x269.webp\" class=\"attachment-medium_large size-medium_large wp-image-8311\" alt=\"tipsy-bird-bar-inter-movich\" srcset=\"https:\/\/ambientes.movichhotels.com\/wp-content\/uploads\/2025\/03\/Tipsy-Inter-768x269.webp 768w, https:\/\/ambientes.movichhotels.com\/wp-content\/uploads\/2025\/03\/Tipsy-Inter-300x105.webp 300w, https:\/\/ambientes.movichhotels.com\/wp-content\/uploads\/2025\/03\/Tipsy-Inter-18x6.webp 18w, https:\/\/ambientes.movichhotels.com\/wp-content\/uploads\/2025\/03\/Tipsy-Inter-440x154.webp 440w, https:\/\/ambientes.movichhotels.com\/wp-content\/uploads\/2025\/03\/Tipsy-Inter.webp 1000w\" sizes=\"(max-width: 768px) 100vw, 768px\" title=\"\">\t\t\t\t\t\t\t\t<\/a>\n\t\t\t\t\t\t\t\t\t\t\t\t\t\t\t<\/div>\n\t\t\t\t<div class=\"elementor-element elementor-element-f451098 elementor-widget elementor-widget-image\" data-id=\"f451098\" data-element_type=\"widget\" data-e-type=\"widget\" data-widget_type=\"image.default\">\n\t\t\t\t\t\t\t\t\t\t\t\t\t\t\t\t<a href=\"https:\/\/fogondepiedrarestaurante.com\/es\/menu\/menupiscina\/\" target=\"_blank\" rel=\"noopener\">\n\t\t\t\t\t\t\t<img loading=\"lazy\" decoding=\"async\" width=\"768\" height=\"269\" src=\"https:\/\/ambientes.movichhotels.com\/wp-content\/uploads\/2025\/06\/Piscina-Inter-1-768x269.webp\" class=\"attachment-medium_large size-medium_large wp-image-9065\" alt=\"Piscina-Inter\" srcset=\"https:\/\/ambientes.movichhotels.com\/wp-content\/uploads\/2025\/06\/Piscina-Inter-1-768x269.webp 768w, https:\/\/ambientes.movichhotels.com\/wp-content\/uploads\/2025\/06\/Piscina-Inter-1-300x105.webp 300w, https:\/\/ambientes.movichhotels.com\/wp-content\/uploads\/2025\/06\/Piscina-Inter-1-18x6.webp 18w, https:\/\/ambientes.movichhotels.com\/wp-content\/uploads\/2025\/06\/Piscina-Inter-1-440x154.webp 440w, https:\/\/ambientes.movichhotels.com\/wp-content\/uploads\/2025\/06\/Piscina-Inter-1.webp 1000w\" sizes=\"(max-width: 768px) 100vw, 768px\" title=\"\">\t\t\t\t\t\t\t\t<\/a>\n\t\t\t\t\t\t\t\t\t\t\t\t\t\t\t<\/div>\n\t\t\t\t<div class=\"elementor-element elementor-element-d59a8af elementor-widget elementor-widget-image\" data-id=\"d59a8af\" data-element_type=\"widget\" data-e-type=\"widget\" data-widget_type=\"image.default\">\n\t\t\t\t\t\t\t\t\t\t\t\t\t\t\t\t<a href=\"https:\/\/drive.google.com\/file\/d\/1SiR0UGQPzZb8CC5aQFJ9Xy5-QEuWKwwo\/view\" target=\"_blank\" rel=\"noopener\">\n\t\t\t\t\t\t\t<img loading=\"lazy\" decoding=\"async\" width=\"768\" height=\"269\" src=\"https:\/\/ambientes.movichhotels.com\/wp-content\/uploads\/2025\/03\/DeLatte-Inter-768x269.webp\" class=\"attachment-medium_large size-medium_large wp-image-8313\" alt=\"delatte-inter-movich\" srcset=\"https:\/\/ambientes.movichhotels.com\/wp-content\/uploads\/2025\/03\/DeLatte-Inter-768x269.webp 768w, https:\/\/ambientes.movichhotels.com\/wp-content\/uploads\/2025\/03\/DeLatte-Inter-300x105.webp 300w, https:\/\/ambientes.movichhotels.com\/wp-content\/uploads\/2025\/03\/DeLatte-Inter-18x6.webp 18w, https:\/\/ambientes.movichhotels.com\/wp-content\/uploads\/2025\/03\/DeLatte-Inter-440x154.webp 440w, https:\/\/ambientes.movichhotels.com\/wp-content\/uploads\/2025\/03\/DeLatte-Inter.webp 1000w\" sizes=\"(max-width: 768px) 100vw, 768px\" title=\"\">\t\t\t\t\t\t\t\t<\/a>\n\t\t\t\t\t\t\t\t\t\t\t\t\t\t\t<\/div>\n\t\t\t\t<div class=\"elementor-element elementor-element-6a8a35e elementor-widget elementor-widget-image\" data-id=\"6a8a35e\" data-element_type=\"widget\" data-e-type=\"widget\" data-widget_type=\"image.default\">\n\t\t\t\t\t\t\t\t\t\t\t\t\t\t\t\t<a href=\"https:\/\/drive.google.com\/file\/d\/1dPnJ3x6CtGluybUPt46YlDvENdxCZuht\/view\" target=\"_blank\" rel=\"noopener\">\n\t\t\t\t\t\t\t<img loading=\"lazy\" decoding=\"async\" width=\"768\" height=\"269\" src=\"https:\/\/ambientes.movichhotels.com\/wp-content\/uploads\/2025\/03\/Spa-Inter-768x269.webp\" class=\"attachment-medium_large size-medium_large wp-image-8310\" alt=\"spa-inter-movich\" srcset=\"https:\/\/ambientes.movichhotels.com\/wp-content\/uploads\/2025\/03\/Spa-Inter-768x269.webp 768w, https:\/\/ambientes.movichhotels.com\/wp-content\/uploads\/2025\/03\/Spa-Inter-300x105.webp 300w, https:\/\/ambientes.movichhotels.com\/wp-content\/uploads\/2025\/03\/Spa-Inter-18x6.webp 18w, https:\/\/ambientes.movichhotels.com\/wp-content\/uploads\/2025\/03\/Spa-Inter-440x154.webp 440w, https:\/\/ambientes.movichhotels.com\/wp-content\/uploads\/2025\/03\/Spa-Inter.webp 1000w\" sizes=\"(max-width: 768px) 100vw, 768px\" title=\"\">\t\t\t\t\t\t\t\t<\/a>\n\t\t\t\t\t\t\t\t\t\t\t\t\t\t\t<\/div>\n\t\t\t\t\t<\/div>\n\t\t\t\t<\/div>\n\t\t<div class=\"elementor-element elementor-element-db269b8 e-flex e-con-boxed e-con e-parent\" data-id=\"db269b8\" data-element_type=\"container\" data-e-type=\"container\">\n\t\t\t\t\t<div class=\"e-con-inner\">\n\t\t\t\t<div class=\"elementor-element elementor-element-cbd2c02 elementor-widget elementor-widget-spacer\" data-id=\"cbd2c02\" data-element_type=\"widget\" data-e-type=\"widget\" data-widget_type=\"spacer.default\">\n\t\t\t\t\t\t\t<div class=\"elementor-spacer\">\n\t\t\t<div class=\"elementor-spacer-inner\"><\/div>\n\t\t<\/div>\n\t\t\t\t\t\t<\/div>\n\t\t\t\t\t<\/div>\n\t\t\t\t<\/div>\n\t\t\t\t<\/div>","protected":false},"excerpt":{"rendered":"<p>Estimado hu\u00e9sped: Descubra una experiencia \u00fanica en Intercontinental Movich Medell\u00edn. Nos reinventamos para ofrecerle un servicio m\u00e1s seguro, c\u00e1lido y de la m\u00e1s alta calidad. En Movich Hotels, creamos experiencias a su medida, superando expectativas en cada visita. Un c\u00e1lido saludo de bienvenida, Delfim Pinheiro | Gerente General<\/p>","protected":false},"author":1,"featured_media":0,"parent":0,"menu_order":0,"comment_status":"closed","ping_status":"closed","template":"","meta":{"footnotes":""},"class_list":["post-6142","page","type-page","status-publish","hentry"],"_links":{"self":[{"href":"https:\/\/ambientes.movichhotels.com\/en\/wp-json\/wp\/v2\/pages\/6142","targetHints":{"allow":["GET"]}}],"collection":[{"href":"https:\/\/ambientes.movichhotels.com\/en\/wp-json\/wp\/v2\/pages"}],"about":[{"href":"https:\/\/ambientes.movichhotels.com\/en\/wp-json\/wp\/v2\/types\/page"}],"author":[{"embeddable":true,"href":"https:\/\/ambientes.movichhotels.com\/en\/wp-json\/wp\/v2\/users\/1"}],"replies":[{"embeddable":true,"href":"https:\/\/ambientes.movichhotels.com\/en\/wp-json\/wp\/v2\/comments?post=6142"}],"version-history":[{"count":49,"href":"https:\/\/ambientes.movichhotels.com\/en\/wp-json\/wp\/v2\/pages\/6142\/revisions"}],"predecessor-version":[{"id":9376,"href":"https:\/\/ambientes.movichhotels.com\/en\/wp-json\/wp\/v2\/pages\/6142\/revisions\/9376"}],"wp:attachment":[{"href":"https:\/\/ambientes.movichhotels.com\/en\/wp-json\/wp\/v2\/media?parent=6142"}],"curies":[{"name":"wp","href":"https:\/\/api.w.org\/{rel}","templated":true}]}}