{"id":8622,"date":"2025-03-18T08:03:22","date_gmt":"2025-03-18T13:03:22","guid":{"rendered":"https:\/\/ambientes.movichhotels.com\/?page_id=8622"},"modified":"2025-04-09T10:40:07","modified_gmt":"2025-04-09T15:40:07","slug":"especiales-pereira","status":"publish","type":"page","link":"https:\/\/ambientes.movichhotels.com\/en\/pereira\/especiales-pereira\/","title":{"rendered":"All You Need To Know About Movich Pereira"},"content":{"rendered":"<div data-elementor-type=\"wp-page\" data-elementor-id=\"8622\" class=\"elementor elementor-8622\" data-elementor-post-type=\"page\">\n\t\t\t\t<div class=\"elementor-element elementor-element-cb611b3 e-flex e-con-boxed e-con e-parent\" data-id=\"cb611b3\" data-element_type=\"container\" data-e-type=\"container\" data-settings=\"{&quot;background_background&quot;:&quot;classic&quot;}\">\n\t\t\t\t\t<div class=\"e-con-inner\">\n\t\t<div class=\"elementor-element elementor-element-745ed94 e-con-full e-flex e-con e-child\" data-id=\"745ed94\" data-element_type=\"container\" data-e-type=\"container\">\n\t\t\t\t<div class=\"elementor-element elementor-element-d8428f6 elementor-widget elementor-widget-ova_logo\" data-id=\"d8428f6\" data-element_type=\"widget\" data-e-type=\"widget\" data-widget_type=\"ova_logo.default\">\n\t\t\t\t<div class=\"elementor-widget-container\">\n\t\t\t\t\t\n\t\t<div class=\"brand_el\">\n\n\t\t\t\t\t\t\t\t\t\t\t<a href=\"\/pereira \"   >\n\t\t\t\n\t\t\t\t<img decoding=\"async\" src=\"https:\/\/ambientes.movichhotels.com\/wp-content\/uploads\/2025\/04\/logo-pereira-white.webp\" alt=\"Ambientes\" class=\"logo_desktop\" style=\"width:190px ; height:97px\" title=\"\">\n\n\t\t\t\t<img decoding=\"async\" src=\"https:\/\/ambientes.movichhotels.com\/wp-content\/uploads\/2025\/04\/logo-pereira-white.webp\" alt=\"Ambientes\" class=\"logo_mobile\" style=\"width:150px ;  height:76px\" title=\"\">\n\n\t\t\t\t<img decoding=\"async\" src=\"https:\/\/ambientes.movichhotels.com\/wp-content\/plugins\/elementor\/assets\/images\/placeholder.png\" alt=\"Ambientes\" class=\"logo_sticky\" style=\"width:132px ; height:36px\" title=\"\">\n\n\t\t\t\t\t\t\t<\/a>\n\t\t\t\n\t\t<\/div>\n\n\t\t\t\t\t\t<\/div>\n\t\t\t\t<\/div>\n\t\t\t\t<\/div>\n\t\t\t\t\t<\/div>\n\t\t\t\t<\/div>\n\t\t<div class=\"elementor-element elementor-element-e6582f0 e-flex e-con-boxed e-con e-parent\" data-id=\"e6582f0\" data-element_type=\"container\" data-e-type=\"container\">\n\t\t\t\t\t<div class=\"e-con-inner\">\n\t\t\t\t<div class=\"elementor-element elementor-element-a78c8f3 elementor-widget elementor-widget-heading\" data-id=\"a78c8f3\" data-element_type=\"widget\" data-e-type=\"widget\" data-widget_type=\"heading.default\">\n\t\t\t\t\t<h1 class=\"elementor-heading-title elementor-size-default\">ALL YOU NEED TO KNOW ABOUT MOVICH PEREIRA<\/h1>\t\t\t\t<\/div>\n\t\t\t\t<div class=\"elementor-element elementor-element-73f98a2 elementor-widget elementor-widget-heading\" data-id=\"73f98a2\" data-element_type=\"widget\" data-e-type=\"widget\" data-widget_type=\"heading.default\">\n\t\t\t\t\t<h2 class=\"elementor-heading-title elementor-size-default\">Discover the charm of the Eje Cafetero with Movich Pereira. Delight yourself with the best of the local gastronomy, enjoy personalized services and live unique experiences in an environment that reflects the warmth and tradition of this beautiful region. <br><br>Click on each image to know more<\/h2>\t\t\t\t<\/div>\n\t\t\t\t\t<\/div>\n\t\t\t\t<\/div>\n\t\t<div class=\"elementor-element elementor-element-59fa05a e-con-full e-flex e-con e-parent\" data-id=\"59fa05a\" data-element_type=\"container\" data-e-type=\"container\">\n\t\t<div class=\"elementor-element elementor-element-41228ae e-con-full e-flex e-con e-child\" data-id=\"41228ae\" data-element_type=\"container\" data-e-type=\"container\" data-settings=\"{&quot;background_background&quot;:&quot;classic&quot;}\">\n\t\t<div class=\"elementor-element elementor-element-1e58506 e-con-full e-flex e-con e-child\" data-id=\"1e58506\" data-element_type=\"container\" data-e-type=\"container\">\n\t\t\t\t<div class=\"elementor-element elementor-element-df1dc6b elementor-widget elementor-widget-image\" data-id=\"df1dc6b\" data-element_type=\"widget\" data-e-type=\"widget\" data-widget_type=\"image.default\">\n\t\t\t\t\t\t\t\t\t\t\t\t\t\t\t\t<a href=\"#brave_open_popup_8767\">\n\t\t\t\t\t\t\t<img fetchpriority=\"high\" decoding=\"async\" width=\"768\" height=\"508\" src=\"https:\/\/ambientes.movichhotels.com\/wp-content\/uploads\/2025\/04\/sunsetsflavors-pereira-768x508.webp\" class=\"attachment-medium_large size-medium_large wp-image-8769\" alt=\"\" srcset=\"https:\/\/ambientes.movichhotels.com\/wp-content\/uploads\/2025\/04\/sunsetsflavors-pereira-768x508.webp 768w, https:\/\/ambientes.movichhotels.com\/wp-content\/uploads\/2025\/04\/sunsetsflavors-pereira-300x198.webp 300w, https:\/\/ambientes.movichhotels.com\/wp-content\/uploads\/2025\/04\/sunsetsflavors-pereira-18x12.webp 18w, https:\/\/ambientes.movichhotels.com\/wp-content\/uploads\/2025\/04\/sunsetsflavors-pereira-440x291.webp 440w, https:\/\/ambientes.movichhotels.com\/wp-content\/uploads\/2025\/04\/sunsetsflavors-pereira.webp 900w\" sizes=\"(max-width: 768px) 100vw, 768px\" title=\"\">\t\t\t\t\t\t\t\t<\/a>\n\t\t\t\t\t\t\t\t\t\t\t\t\t\t\t<\/div>\n\t\t\t\t<\/div>\n\t\t<div class=\"elementor-element elementor-element-09dcf00 e-con-full e-flex e-con e-child\" data-id=\"09dcf00\" data-element_type=\"container\" data-e-type=\"container\">\n\t\t\t\t<div class=\"elementor-element elementor-element-b9314cf elementor-widget elementor-widget-image\" data-id=\"b9314cf\" data-element_type=\"widget\" data-e-type=\"widget\" data-widget_type=\"image.default\">\n\t\t\t\t\t\t\t\t\t\t\t\t\t\t\t\t<a href=\"#brave_open_popup_8778\">\n\t\t\t\t\t\t\t<img decoding=\"async\" width=\"768\" height=\"508\" src=\"https:\/\/ambientes.movichhotels.com\/wp-content\/uploads\/2025\/04\/pasadias-pereira-768x508.webp\" class=\"attachment-medium_large size-medium_large wp-image-8780\" alt=\"pasadias-pereira\" srcset=\"https:\/\/ambientes.movichhotels.com\/wp-content\/uploads\/2025\/04\/pasadias-pereira-768x508.webp 768w, https:\/\/ambientes.movichhotels.com\/wp-content\/uploads\/2025\/04\/pasadias-pereira-300x198.webp 300w, https:\/\/ambientes.movichhotels.com\/wp-content\/uploads\/2025\/04\/pasadias-pereira-18x12.webp 18w, https:\/\/ambientes.movichhotels.com\/wp-content\/uploads\/2025\/04\/pasadias-pereira-440x291.webp 440w, https:\/\/ambientes.movichhotels.com\/wp-content\/uploads\/2025\/04\/pasadias-pereira.webp 900w\" sizes=\"(max-width: 768px) 100vw, 768px\" title=\"\">\t\t\t\t\t\t\t\t<\/a>\n\t\t\t\t\t\t\t\t\t\t\t\t\t\t\t<\/div>\n\t\t\t\t<\/div>\n\t\t\t\t<\/div>\n\t\t\t\t<\/div>\n\t\t<div class=\"elementor-element elementor-element-04eacba e-flex e-con-boxed e-con e-parent\" data-id=\"04eacba\" data-element_type=\"container\" data-e-type=\"container\" data-settings=\"{&quot;background_background&quot;:&quot;classic&quot;}\">\n\t\t\t\t\t<div class=\"e-con-inner\">\n\t\t\t\t<div class=\"elementor-element elementor-element-51e7948 elementor-widget elementor-widget-tp-advanced-buttons\" data-id=\"51e7948\" data-element_type=\"widget\" data-e-type=\"widget\" data-widget_type=\"tp-advanced-buttons.default\">\n\t\t\t\t\t<div class=\"pt-plus-adv-button-wrapper\" ><div id=\"advbutton69fc156281565\" class=\"pt_plus_adv_button  ab-cta  tp_cta_st_12\" ><a href=\"https:\/\/wa.link\/c3mxnd\" target=\"_blank\" class=\"adv-button-link-wrap\" role=\"button\"><span>Clic here for more information<\/span><\/a><\/div><\/div>\t\t\t\t<\/div>\n\t\t\t\t<div class=\"elementor-element elementor-element-2a69360 elementor-widget elementor-widget-spacer\" data-id=\"2a69360\" data-element_type=\"widget\" data-e-type=\"widget\" data-widget_type=\"spacer.default\">\n\t\t\t\t\t\t\t<div class=\"elementor-spacer\">\n\t\t\t<div class=\"elementor-spacer-inner\"><\/div>\n\t\t<\/div>\n\t\t\t\t\t\t<\/div>\n\t\t\t\t\t<\/div>\n\t\t\t\t<\/div>\n\t\t\t\t<\/div>","protected":false},"excerpt":{"rendered":"<p>todo lo que necesitas saber sobre MOVICH PEREIRA Descubre el encanto del Eje Cafetero con Movich Pereira. Del\u00e9itate con lo mejor de la gastronom\u00eda local, disfruta de servicios personalizados y vive experiencias \u00fanicas en un ambiente que refleja la calidez y tradici\u00f3n de esta hermosa regi\u00f3n. Haz clic en cada imagen para conocer m\u00e1s Clic [&hellip;]<\/p>\n","protected":false},"author":1,"featured_media":0,"parent":6334,"menu_order":0,"comment_status":"closed","ping_status":"closed","template":"","meta":{"footnotes":""},"class_list":["post-8622","page","type-page","status-publish","hentry"],"_links":{"self":[{"href":"https:\/\/ambientes.movichhotels.com\/en\/wp-json\/wp\/v2\/pages\/8622","targetHints":{"allow":["GET"]}}],"collection":[{"href":"https:\/\/ambientes.movichhotels.com\/en\/wp-json\/wp\/v2\/pages"}],"about":[{"href":"https:\/\/ambientes.movichhotels.com\/en\/wp-json\/wp\/v2\/types\/page"}],"author":[{"embeddable":true,"href":"https:\/\/ambientes.movichhotels.com\/en\/wp-json\/wp\/v2\/users\/1"}],"replies":[{"embeddable":true,"href":"https:\/\/ambientes.movichhotels.com\/en\/wp-json\/wp\/v2\/comments?post=8622"}],"version-history":[{"count":12,"href":"https:\/\/ambientes.movichhotels.com\/en\/wp-json\/wp\/v2\/pages\/8622\/revisions"}],"predecessor-version":[{"id":8783,"href":"https:\/\/ambientes.movichhotels.com\/en\/wp-json\/wp\/v2\/pages\/8622\/revisions\/8783"}],"up":[{"embeddable":true,"href":"https:\/\/ambientes.movichhotels.com\/en\/wp-json\/wp\/v2\/pages\/6334"}],"wp:attachment":[{"href":"https:\/\/ambientes.movichhotels.com\/en\/wp-json\/wp\/v2\/media?parent=8622"}],"curies":[{"name":"wp","href":"https:\/\/api.w.org\/{rel}","templated":true}]}}