{"id":6334,"date":"2024-05-17T11:43:01","date_gmt":"2024-05-17T16:43:01","guid":{"rendered":"https:\/\/ambientes.movichhotels.com\/?page_id=6334"},"modified":"2026-01-19T11:20:51","modified_gmt":"2026-01-19T16:20:51","slug":"pereira","status":"publish","type":"page","link":"https:\/\/ambientes.movichhotels.com\/es\/pereira\/","title":{"rendered":"Pereira"},"content":{"rendered":"\t\t<div data-elementor-type=\"wp-page\" data-elementor-id=\"6334\" class=\"elementor elementor-6334\" data-elementor-post-type=\"page\">\n\t\t\t\t<div class=\"elementor-element elementor-element-cb611b3 e-flex e-con-boxed e-con e-parent\" data-id=\"cb611b3\" data-element_type=\"container\" data-e-type=\"container\">\n\t\t\t\t\t<div class=\"e-con-inner\">\n\t\t<div class=\"elementor-element elementor-element-745ed94 e-con-full e-flex e-con e-child\" data-id=\"745ed94\" data-element_type=\"container\" data-e-type=\"container\">\n\t\t\t\t<div class=\"elementor-element elementor-element-6b79e46 elementor-widget elementor-widget-ova_logo\" data-id=\"6b79e46\" data-element_type=\"widget\" data-e-type=\"widget\" data-widget_type=\"ova_logo.default\">\n\t\t\t\t<div class=\"elementor-widget-container\">\n\t\t\t\t\t\n\t\t<div class=\"brand_el\">\n\n\t\t\t\t\t\t\t\t\t\t\t<a href=\"https:\/\/ambientes.movichhotels.com\/es\/ \"   >\n\t\t\t\n\t\t\t\t<img decoding=\"async\" src=\"https:\/\/ambientes.movichhotels.com\/wp-content\/uploads\/2025\/03\/logo-pereira.webp\" alt=\"Ambientes\" class=\"logo_desktop\" style=\"width:190px ; height:97px\" title=\"\">\n\n\t\t\t\t<img decoding=\"async\" src=\"https:\/\/ambientes.movichhotels.com\/wp-content\/uploads\/2025\/03\/logo-pereira.webp\" alt=\"Ambientes\" class=\"logo_mobile\" style=\"width:150px ;  height:76px\" title=\"\">\n\n\t\t\t\t<img decoding=\"async\" src=\"https:\/\/ambientes.movichhotels.com\/wp-content\/plugins\/elementor\/assets\/images\/placeholder.png\" alt=\"Ambientes\" class=\"logo_sticky\" style=\"width:132px ; height:36px\" title=\"\">\n\n\t\t\t\t\t\t\t<\/a>\n\t\t\t\n\t\t<\/div>\n\n\t\t\t\t\t\t<\/div>\n\t\t\t\t<\/div>\n\t\t\t\t<\/div>\n\t\t\t\t\t<\/div>\n\t\t\t\t<\/div>\n\t\t<div class=\"elementor-element elementor-element-1538ab2 e-flex e-con-boxed e-con e-parent\" data-id=\"1538ab2\" data-element_type=\"container\" data-e-type=\"container\">\n\t\t\t\t\t<div class=\"e-con-inner\">\n\t\t\t\t<div class=\"elementor-element elementor-element-5d71563 elementor-widget elementor-widget-heading\" data-id=\"5d71563\" data-element_type=\"widget\" data-e-type=\"widget\" data-widget_type=\"heading.default\">\n\t\t\t\t\t<h2 class=\"elementor-heading-title elementor-size-default\">Estimado hu\u00e9sped:<\/h2>\t\t\t\t<\/div>\n\t\t\t\t<div class=\"elementor-element elementor-element-9afce8b elementor-widget elementor-widget-heading\" data-id=\"9afce8b\" data-element_type=\"widget\" data-e-type=\"widget\" data-widget_type=\"heading.default\">\n\t\t\t\t\t<p class=\"elementor-heading-title elementor-size-default\">Descubra una experiencia \u00fanica en Movich Pereira. Nos reinventamos para ofrecerle un servicio m\u00e1s seguro, c\u00e1lido y de la m\u00e1s alta calidad. En Movich Hotels, creamos experiencias a su medida, superando expectativas en cada visita.<\/p>\t\t\t\t<\/div>\n\t\t\t\t<div class=\"elementor-element elementor-element-7e6327e elementor-widget elementor-widget-heading\" data-id=\"7e6327e\" data-element_type=\"widget\" data-e-type=\"widget\" data-widget_type=\"heading.default\">\n\t\t\t\t\t<h2 class=\"elementor-heading-title elementor-size-default\">Un c\u00e1lido saludo de bienvenida,<br>\n\nMar\u00eda Cecilia Jim\u00e9nez M. | Gerente General<\/h2>\t\t\t\t<\/div>\n\t\t\t\t<div class=\"elementor-element elementor-element-aea527e elementor-widget elementor-widget-image\" data-id=\"aea527e\" data-element_type=\"widget\" data-e-type=\"widget\" data-widget_type=\"image.default\">\n\t\t\t\t\t\t\t\t\t\t\t\t\t\t\t<img fetchpriority=\"high\" decoding=\"async\" width=\"768\" height=\"269\" src=\"https:\/\/ambientes.movichhotels.com\/wp-content\/uploads\/2025\/12\/Wifi-Premium-CTG-768x269.png\" class=\"attachment-medium_large size-medium_large wp-image-9272\" alt=\"Wifi-Premium\" srcset=\"https:\/\/ambientes.movichhotels.com\/wp-content\/uploads\/2025\/12\/Wifi-Premium-CTG-768x269.png 768w, https:\/\/ambientes.movichhotels.com\/wp-content\/uploads\/2025\/12\/Wifi-Premium-CTG-300x105.png 300w, https:\/\/ambientes.movichhotels.com\/wp-content\/uploads\/2025\/12\/Wifi-Premium-CTG-18x6.png 18w, https:\/\/ambientes.movichhotels.com\/wp-content\/uploads\/2025\/12\/Wifi-Premium-CTG-440x154.png 440w, https:\/\/ambientes.movichhotels.com\/wp-content\/uploads\/2025\/12\/Wifi-Premium-CTG.png 1000w\" sizes=\"(max-width: 768px) 100vw, 768px\" title=\"\">\t\t\t\t\t\t\t\t\t\t\t\t\t\t\t<\/div>\n\t\t\t\t<div class=\"elementor-element elementor-element-60a6a9f elementor-widget elementor-widget-image\" data-id=\"60a6a9f\" data-element_type=\"widget\" data-e-type=\"widget\" data-widget_type=\"image.default\">\n\t\t\t\t\t\t\t\t\t\t\t\t\t\t\t\t<a href=\"https:\/\/drive.google.com\/file\/d\/1xzpuL9492wfCgTyEnJzWcQbNIY4n2H3g\/view?usp=sharing\" target=\"_blank\" rel=\"noopener\">\n\t\t\t\t\t\t\t<img decoding=\"async\" width=\"768\" height=\"269\" src=\"https:\/\/ambientes.movichhotels.com\/wp-content\/uploads\/2025\/09\/BANNER-PEI-768x269.webp\" class=\"attachment-medium_large size-medium_large wp-image-9169\" alt=\"\" srcset=\"https:\/\/ambientes.movichhotels.com\/wp-content\/uploads\/2025\/09\/BANNER-PEI-768x269.webp 768w, https:\/\/ambientes.movichhotels.com\/wp-content\/uploads\/2025\/09\/BANNER-PEI-300x105.webp 300w, https:\/\/ambientes.movichhotels.com\/wp-content\/uploads\/2025\/09\/BANNER-PEI-18x6.webp 18w, https:\/\/ambientes.movichhotels.com\/wp-content\/uploads\/2025\/09\/BANNER-PEI-440x154.webp 440w, https:\/\/ambientes.movichhotels.com\/wp-content\/uploads\/2025\/09\/BANNER-PEI.webp 1000w\" sizes=\"(max-width: 768px) 100vw, 768px\" title=\"\">\t\t\t\t\t\t\t\t<\/a>\n\t\t\t\t\t\t\t\t\t\t\t\t\t\t\t<\/div>\n\t\t\t\t<div class=\"elementor-element elementor-element-1da419a elementor-widget elementor-widget-image\" data-id=\"1da419a\" data-element_type=\"widget\" data-e-type=\"widget\" data-widget_type=\"image.default\">\n\t\t\t\t\t\t\t\t\t\t\t\t\t\t\t\t<a href=\"\/pereira\/especiales-pereira\/\">\n\t\t\t\t\t\t\t<img decoding=\"async\" width=\"768\" height=\"384\" src=\"https:\/\/ambientes.movichhotels.com\/wp-content\/uploads\/2025\/04\/Imperdibles-pereira-768x384.webp\" class=\"attachment-medium_large size-medium_large wp-image-8773\" alt=\"Imperdibles-pereira\" srcset=\"https:\/\/ambientes.movichhotels.com\/wp-content\/uploads\/2025\/04\/Imperdibles-pereira-768x384.webp 768w, https:\/\/ambientes.movichhotels.com\/wp-content\/uploads\/2025\/04\/Imperdibles-pereira-300x150.webp 300w, https:\/\/ambientes.movichhotels.com\/wp-content\/uploads\/2025\/04\/Imperdibles-pereira-18x9.webp 18w, https:\/\/ambientes.movichhotels.com\/wp-content\/uploads\/2025\/04\/Imperdibles-pereira-440x220.webp 440w, https:\/\/ambientes.movichhotels.com\/wp-content\/uploads\/2025\/04\/Imperdibles-pereira.webp 1000w\" sizes=\"(max-width: 768px) 100vw, 768px\" title=\"\">\t\t\t\t\t\t\t\t<\/a>\n\t\t\t\t\t\t\t\t\t\t\t\t\t\t\t<\/div>\n\t\t\t\t<div class=\"elementor-element elementor-element-d3cd122 elementor-widget elementor-widget-image\" data-id=\"d3cd122\" data-element_type=\"widget\" data-e-type=\"widget\" data-widget_type=\"image.default\">\n\t\t\t\t\t\t\t\t\t\t\t\t\t\t\t\t<a href=\"\/pereira\/info-pereira\/\">\n\t\t\t\t\t\t\t<img loading=\"lazy\" decoding=\"async\" width=\"768\" height=\"269\" src=\"https:\/\/ambientes.movichhotels.com\/wp-content\/uploads\/2025\/03\/HotelInfo-Pereira-768x269.webp\" class=\"attachment-medium_large size-medium_large wp-image-8379\" alt=\"hotel-info-pereira\" srcset=\"https:\/\/ambientes.movichhotels.com\/wp-content\/uploads\/2025\/03\/HotelInfo-Pereira-768x269.webp 768w, https:\/\/ambientes.movichhotels.com\/wp-content\/uploads\/2025\/03\/HotelInfo-Pereira-300x105.webp 300w, https:\/\/ambientes.movichhotels.com\/wp-content\/uploads\/2025\/03\/HotelInfo-Pereira-18x6.webp 18w, https:\/\/ambientes.movichhotels.com\/wp-content\/uploads\/2025\/03\/HotelInfo-Pereira-440x154.webp 440w, https:\/\/ambientes.movichhotels.com\/wp-content\/uploads\/2025\/03\/HotelInfo-Pereira.webp 1000w\" sizes=\"(max-width: 768px) 100vw, 768px\" title=\"\">\t\t\t\t\t\t\t\t<\/a>\n\t\t\t\t\t\t\t\t\t\t\t\t\t\t\t<\/div>\n\t\t\t\t<div class=\"elementor-element elementor-element-9202d59 elementor-widget elementor-widget-image\" data-id=\"9202d59\" data-element_type=\"widget\" data-e-type=\"widget\" data-widget_type=\"image.default\">\n\t\t\t\t\t\t\t\t\t\t\t\t\t\t\t\t<a href=\"https:\/\/drive.google.com\/file\/d\/1kpo5UwqzHF53aqr4JLR0u-JaCO80rIea\/view?usp=sharing\" target=\"_blank\" rel=\"noopener\">\n\t\t\t\t\t\t\t<img loading=\"lazy\" decoding=\"async\" width=\"768\" height=\"269\" src=\"https:\/\/ambientes.movichhotels.com\/wp-content\/uploads\/2025\/03\/RoomService-Pereira-768x269.webp\" class=\"attachment-medium_large size-medium_large wp-image-8381\" alt=\"room-service-pereira\" srcset=\"https:\/\/ambientes.movichhotels.com\/wp-content\/uploads\/2025\/03\/RoomService-Pereira-768x269.webp 768w, https:\/\/ambientes.movichhotels.com\/wp-content\/uploads\/2025\/03\/RoomService-Pereira-300x105.webp 300w, https:\/\/ambientes.movichhotels.com\/wp-content\/uploads\/2025\/03\/RoomService-Pereira-18x6.webp 18w, https:\/\/ambientes.movichhotels.com\/wp-content\/uploads\/2025\/03\/RoomService-Pereira-440x154.webp 440w, https:\/\/ambientes.movichhotels.com\/wp-content\/uploads\/2025\/03\/RoomService-Pereira.webp 1000w\" sizes=\"(max-width: 768px) 100vw, 768px\" title=\"\">\t\t\t\t\t\t\t\t<\/a>\n\t\t\t\t\t\t\t\t\t\t\t\t\t\t\t<\/div>\n\t\t\t\t<div class=\"elementor-element elementor-element-32ba7fe elementor-widget elementor-widget-image\" data-id=\"32ba7fe\" data-element_type=\"widget\" data-e-type=\"widget\" data-widget_type=\"image.default\">\n\t\t\t\t\t\t\t\t\t\t\t\t\t\t\t\t<a href=\"https:\/\/ambientes.movichhotels.com\/wp-content\/uploads\/2025\/01\/desayunos-ambientes-2025.jpg\" target=\"_blank\">\n\t\t\t\t\t\t\t<img loading=\"lazy\" decoding=\"async\" width=\"768\" height=\"269\" src=\"https:\/\/ambientes.movichhotels.com\/wp-content\/uploads\/2025\/03\/Desayuno-Pereira-768x269.webp\" class=\"attachment-medium_large size-medium_large wp-image-8385\" alt=\"desayuno-pereira\" srcset=\"https:\/\/ambientes.movichhotels.com\/wp-content\/uploads\/2025\/03\/Desayuno-Pereira-768x269.webp 768w, https:\/\/ambientes.movichhotels.com\/wp-content\/uploads\/2025\/03\/Desayuno-Pereira-300x105.webp 300w, https:\/\/ambientes.movichhotels.com\/wp-content\/uploads\/2025\/03\/Desayuno-Pereira-18x6.webp 18w, https:\/\/ambientes.movichhotels.com\/wp-content\/uploads\/2025\/03\/Desayuno-Pereira-440x154.webp 440w, https:\/\/ambientes.movichhotels.com\/wp-content\/uploads\/2025\/03\/Desayuno-Pereira.webp 1000w\" sizes=\"(max-width: 768px) 100vw, 768px\" title=\"\">\t\t\t\t\t\t\t\t<\/a>\n\t\t\t\t\t\t\t\t\t\t\t\t\t\t\t<\/div>\n\t\t\t\t<div class=\"elementor-element elementor-element-ea48115 elementor-widget elementor-widget-image\" data-id=\"ea48115\" data-element_type=\"widget\" data-e-type=\"widget\" data-widget_type=\"image.default\">\n\t\t\t\t\t\t\t\t\t\t\t\t\t\t\t\t<a href=\"https:\/\/ebanorestaurantes.com\/pereira\/menu\/\" target=\"_blank\" rel=\"noopener\">\n\t\t\t\t\t\t\t<img loading=\"lazy\" decoding=\"async\" width=\"768\" height=\"269\" src=\"https:\/\/ambientes.movichhotels.com\/wp-content\/uploads\/2025\/03\/Ebano-Pereira-768x269.webp\" class=\"attachment-medium_large size-medium_large wp-image-8386\" alt=\"ebano-pereira\" srcset=\"https:\/\/ambientes.movichhotels.com\/wp-content\/uploads\/2025\/03\/Ebano-Pereira-768x269.webp 768w, https:\/\/ambientes.movichhotels.com\/wp-content\/uploads\/2025\/03\/Ebano-Pereira-300x105.webp 300w, https:\/\/ambientes.movichhotels.com\/wp-content\/uploads\/2025\/03\/Ebano-Pereira-18x6.webp 18w, https:\/\/ambientes.movichhotels.com\/wp-content\/uploads\/2025\/03\/Ebano-Pereira-440x154.webp 440w, https:\/\/ambientes.movichhotels.com\/wp-content\/uploads\/2025\/03\/Ebano-Pereira.webp 1000w\" sizes=\"(max-width: 768px) 100vw, 768px\" title=\"\">\t\t\t\t\t\t\t\t<\/a>\n\t\t\t\t\t\t\t\t\t\t\t\t\t\t\t<\/div>\n\t\t\t\t<div class=\"elementor-element elementor-element-d59a8af elementor-widget elementor-widget-image\" data-id=\"d59a8af\" data-element_type=\"widget\" data-e-type=\"widget\" data-widget_type=\"image.default\">\n\t\t\t\t\t\t\t\t\t\t\t\t\t\t\t\t<a href=\"https:\/\/tipsybirdbar.co\/menu-pereira\/\" target=\"_blank\" rel=\"noopener\">\n\t\t\t\t\t\t\t<img loading=\"lazy\" decoding=\"async\" width=\"768\" height=\"269\" src=\"https:\/\/ambientes.movichhotels.com\/wp-content\/uploads\/2025\/03\/Tipsy-Pereira-768x269.webp\" class=\"attachment-medium_large size-medium_large wp-image-8384\" alt=\"tipsy-bar-pereira\" srcset=\"https:\/\/ambientes.movichhotels.com\/wp-content\/uploads\/2025\/03\/Tipsy-Pereira-768x269.webp 768w, https:\/\/ambientes.movichhotels.com\/wp-content\/uploads\/2025\/03\/Tipsy-Pereira-300x105.webp 300w, https:\/\/ambientes.movichhotels.com\/wp-content\/uploads\/2025\/03\/Tipsy-Pereira-18x6.webp 18w, https:\/\/ambientes.movichhotels.com\/wp-content\/uploads\/2025\/03\/Tipsy-Pereira-440x154.webp 440w, https:\/\/ambientes.movichhotels.com\/wp-content\/uploads\/2025\/03\/Tipsy-Pereira.webp 1000w\" sizes=\"(max-width: 768px) 100vw, 768px\" title=\"\">\t\t\t\t\t\t\t\t<\/a>\n\t\t\t\t\t\t\t\t\t\t\t\t\t\t\t<\/div>\n\t\t\t\t<div class=\"elementor-element elementor-element-62b8f1b elementor-widget elementor-widget-image\" data-id=\"62b8f1b\" data-element_type=\"widget\" data-e-type=\"widget\" data-widget_type=\"image.default\">\n\t\t\t\t\t\t\t\t\t\t\t\t\t\t\t\t<a href=\"https:\/\/drive.google.com\/file\/d\/1tRIEEbBAsDJwu7JLw7HfKG8RP72wrNYc\/view?usp=sharing\" target=\"_blank\" rel=\"noopener\">\n\t\t\t\t\t\t\t<img loading=\"lazy\" decoding=\"async\" width=\"768\" height=\"269\" src=\"https:\/\/ambientes.movichhotels.com\/wp-content\/uploads\/2025\/03\/SamanCafe-Pereira-768x269.webp\" class=\"attachment-medium_large size-medium_large wp-image-8382\" alt=\"saman-cafe-pereira\" srcset=\"https:\/\/ambientes.movichhotels.com\/wp-content\/uploads\/2025\/03\/SamanCafe-Pereira-768x269.webp 768w, https:\/\/ambientes.movichhotels.com\/wp-content\/uploads\/2025\/03\/SamanCafe-Pereira-300x105.webp 300w, https:\/\/ambientes.movichhotels.com\/wp-content\/uploads\/2025\/03\/SamanCafe-Pereira-18x6.webp 18w, https:\/\/ambientes.movichhotels.com\/wp-content\/uploads\/2025\/03\/SamanCafe-Pereira-440x154.webp 440w, https:\/\/ambientes.movichhotels.com\/wp-content\/uploads\/2025\/03\/SamanCafe-Pereira.webp 1000w\" sizes=\"(max-width: 768px) 100vw, 768px\" title=\"\">\t\t\t\t\t\t\t\t<\/a>\n\t\t\t\t\t\t\t\t\t\t\t\t\t\t\t<\/div>\n\t\t\t\t<div class=\"elementor-element elementor-element-4901483 elementor-widget elementor-widget-image\" data-id=\"4901483\" data-element_type=\"widget\" data-e-type=\"widget\" data-widget_type=\"image.default\">\n\t\t\t\t\t\t\t\t\t\t\t\t\t\t\t<img loading=\"lazy\" decoding=\"async\" width=\"768\" height=\"269\" src=\"https:\/\/ambientes.movichhotels.com\/wp-content\/uploads\/2025\/03\/Piscina-Pereira-768x269.webp\" class=\"attachment-medium_large size-medium_large wp-image-8380\" alt=\"piscina-pereira\" srcset=\"https:\/\/ambientes.movichhotels.com\/wp-content\/uploads\/2025\/03\/Piscina-Pereira-768x269.webp 768w, https:\/\/ambientes.movichhotels.com\/wp-content\/uploads\/2025\/03\/Piscina-Pereira-300x105.webp 300w, https:\/\/ambientes.movichhotels.com\/wp-content\/uploads\/2025\/03\/Piscina-Pereira-18x6.webp 18w, https:\/\/ambientes.movichhotels.com\/wp-content\/uploads\/2025\/03\/Piscina-Pereira-440x154.webp 440w, https:\/\/ambientes.movichhotels.com\/wp-content\/uploads\/2025\/03\/Piscina-Pereira.webp 1000w\" sizes=\"(max-width: 768px) 100vw, 768px\" title=\"\">\t\t\t\t\t\t\t\t\t\t\t\t\t\t\t<\/div>\n\t\t\t\t<div class=\"elementor-element elementor-element-f54191f elementor-widget elementor-widget-image\" data-id=\"f54191f\" data-element_type=\"widget\" data-e-type=\"widget\" data-widget_type=\"image.default\">\n\t\t\t\t\t\t\t\t\t\t\t\t\t\t\t\t<a href=\"https:\/\/drive.google.com\/file\/d\/1awpOrMISu-ELvir2dmmHlSCmi6C19CKM\/view?usp=sharing\" target=\"_blank\" rel=\"noopener\">\n\t\t\t\t\t\t\t<img loading=\"lazy\" decoding=\"async\" width=\"768\" height=\"269\" src=\"https:\/\/ambientes.movichhotels.com\/wp-content\/uploads\/2025\/03\/Spa-Pereira-768x269.webp\" class=\"attachment-medium_large size-medium_large wp-image-8383\" alt=\"spa-pereira\" srcset=\"https:\/\/ambientes.movichhotels.com\/wp-content\/uploads\/2025\/03\/Spa-Pereira-768x269.webp 768w, https:\/\/ambientes.movichhotels.com\/wp-content\/uploads\/2025\/03\/Spa-Pereira-300x105.webp 300w, https:\/\/ambientes.movichhotels.com\/wp-content\/uploads\/2025\/03\/Spa-Pereira-18x6.webp 18w, https:\/\/ambientes.movichhotels.com\/wp-content\/uploads\/2025\/03\/Spa-Pereira-440x154.webp 440w, https:\/\/ambientes.movichhotels.com\/wp-content\/uploads\/2025\/03\/Spa-Pereira.webp 1000w\" sizes=\"(max-width: 768px) 100vw, 768px\" title=\"\">\t\t\t\t\t\t\t\t<\/a>\n\t\t\t\t\t\t\t\t\t\t\t\t\t\t\t<\/div>\n\t\t\t\t\t<\/div>\n\t\t\t\t<\/div>\n\t\t<div class=\"elementor-element elementor-element-db269b8 e-flex e-con-boxed e-con e-parent\" data-id=\"db269b8\" data-element_type=\"container\" data-e-type=\"container\">\n\t\t\t\t\t<div class=\"e-con-inner\">\n\t\t\t\t<div class=\"elementor-element elementor-element-cbd2c02 elementor-widget elementor-widget-spacer\" data-id=\"cbd2c02\" data-element_type=\"widget\" data-e-type=\"widget\" data-widget_type=\"spacer.default\">\n\t\t\t\t\t\t\t<div class=\"elementor-spacer\">\n\t\t\t<div class=\"elementor-spacer-inner\"><\/div>\n\t\t<\/div>\n\t\t\t\t\t\t<\/div>\n\t\t\t\t\t<\/div>\n\t\t\t\t<\/div>\n\t\t\t\t<\/div>\n\t\t","protected":false},"excerpt":{"rendered":"<p>Estimado hu\u00e9sped: Descubra una experiencia \u00fanica en Movich Pereira. Nos reinventamos para ofrecerle un servicio m\u00e1s seguro, c\u00e1lido y de la m\u00e1s alta calidad. En Movich Hotels, creamos experiencias a su medida, superando expectativas en cada visita. Un c\u00e1lido saludo de bienvenida, Mar\u00eda Cecilia Jim\u00e9nez M. | Gerente General<\/p>\n","protected":false},"author":1,"featured_media":0,"parent":0,"menu_order":0,"comment_status":"closed","ping_status":"closed","template":"","meta":{"footnotes":""},"class_list":["post-6334","page","type-page","status-publish","hentry"],"_links":{"self":[{"href":"https:\/\/ambientes.movichhotels.com\/es\/wp-json\/wp\/v2\/pages\/6334","targetHints":{"allow":["GET"]}}],"collection":[{"href":"https:\/\/ambientes.movichhotels.com\/es\/wp-json\/wp\/v2\/pages"}],"about":[{"href":"https:\/\/ambientes.movichhotels.com\/es\/wp-json\/wp\/v2\/types\/page"}],"author":[{"embeddable":true,"href":"https:\/\/ambientes.movichhotels.com\/es\/wp-json\/wp\/v2\/users\/1"}],"replies":[{"embeddable":true,"href":"https:\/\/ambientes.movichhotels.com\/es\/wp-json\/wp\/v2\/comments?post=6334"}],"version-history":[{"count":37,"href":"https:\/\/ambientes.movichhotels.com\/es\/wp-json\/wp\/v2\/pages\/6334\/revisions"}],"predecessor-version":[{"id":9371,"href":"https:\/\/ambientes.movichhotels.com\/es\/wp-json\/wp\/v2\/pages\/6334\/revisions\/9371"}],"wp:attachment":[{"href":"https:\/\/ambientes.movichhotels.com\/es\/wp-json\/wp\/v2\/media?parent=6334"}],"curies":[{"name":"wp","href":"https:\/\/api.w.org\/{rel}","templated":true}]}}